{"id":67,"date":"2020-04-03T06:58:58","date_gmt":"2020-04-03T06:58:58","guid":{"rendered":"https:\/\/bozobutor.hu\/?page_id=67"},"modified":"2020-06-08T13:57:30","modified_gmt":"2020-06-08T13:57:30","slug":"szolgaltatasok","status":"publish","type":"page","link":"https:\/\/bozobutor.hu\/?page_id=67","title":{"rendered":"Szolg\u00e1ltat\u00e1saink"},"content":{"rendered":"<div class=\"wpb-content-wrapper\"><p>[vc_row content_placement=&#8221;top&#8221;][vc_column width=&#8221;2\/3&#8243;][\/vc_column][vc_column width=&#8221;1\/3&#8243;][\/vc_column][vc_column width=&#8221;1\/2&#8243;][vc_column_text]<\/p>\n<h1>Egyedi b\u00fator megold\u00e1sok<\/h1>\n<p style=\"font-size: 1.1em;\">Specialit\u00e1sunk az egyedi b\u00fatorgy\u00e1rt\u00e1s, ezen bel\u00fcl konyhab\u00fatorok komplett elk\u00e9sz\u00edt\u00e9se. Ezen k\u00edv\u00fcl v\u00e1llaljuk szobab\u00fator, f\u00fcrd\u0151szoba, gardr\u00f3b, irodab\u00fator vagy \u00fczlet berendez\u00e9sek kialak\u00edt\u00e1s\u00e1t.<\/p>\n<p>[\/vc_column_text][\/vc_column][vc_column width=&#8221;1\/2&#8243;][vc_images_carousel images=&#8221;365,366,367,368&#8243; img_size=&#8221;full&#8221; autoplay=&#8221;yes&#8221; wrap=&#8221;yes&#8221;][\/vc_column][\/vc_row][vc_row][vc_column width=&#8221;1\/2&#8243;][\/vc_column][vc_column width=&#8221;1\/2&#8243;][\/vc_column][\/vc_row][vc_row content_placement=&#8221;middle&#8221;][vc_column][vc_column_text]<\/p>\n<h3>Helysz\u00edni felm\u00e9r\u00e9s<\/h3>\n<p style=\"font-size: 1.1em;\">A helysz\u00edni felm\u00e9r\u00e9s a tervez\u00e9s alapja, l\u00e9nyeg\u00e9ben annak els\u0151 \u00fcteme. Megalapozza az \u00d6n \u00e1ltal meg\u00e1lmodott b\u00fator elhelyez\u00e9s\u00e9t, megjelen\u00e9s\u00e9t, \u00e9s az ahhoz sz\u00fcks\u00e9ges m\u0171szaki tartalom meghat\u00e1roz\u00e1s\u00e1t.<\/p>\n<h3>Tan\u00e1csad\u00e1s<\/h3>\n<p style=\"font-size: 1.1em;\">Az el\u0151k\u00e9sz\u00edt\u00e9s \u00e9s tervez\u00e9s alapvet\u0151 r\u00e9szek\u00e9nt koll\u00e9g\u00e1ink az alapanyag, alkatr\u00e9sz \u00e9s g\u00e9p\u00e9szet kiv\u00e1laszt\u00e1s\u00e1hoz szak\u00e9rt\u0151 tan\u00e1csad\u00e1ssal \u00e1llnak rendelkez\u00e9sre. A helysz\u00edni felm\u00e9r\u00e9s k\u00f6zben \u00f6tletek, javaslatok sz\u00fcletnek, amelyeket \u00e9rt\u0151 m\u00f3don vesz\u00fcnk figyelembe. A megval\u00f3sul\u00f3 konyha ez\u00e1ltal v\u00e1lik teljess\u00e9, legjobban megfelelve az eredeti elk\u00e9pzel\u00e9snek.<br \/>\nA tervez\u00e9st k\u00f6vet\u0151en aj\u00e1nljuk szegedi bemutat\u00f3term\u00fcnk felkeres\u00e9s\u00e9t, ahol az alapanyagok kiv\u00e1laszt\u00e1sban tev\u00e9keny r\u00e9szv\u00e9telt biztos\u00edtunk, \u00edgy v\u00e9gleges\u00edtve a terveket.<\/p>\n<h3>\u00c1raj\u00e1nlat k\u00e9sz\u00edt\u00e9s<\/h3>\n<p style=\"font-size: 1.1em;\">A helysz\u00edni felm\u00e9r\u00e9sre \u00e9s \u00fcgyf\u00e9l tan\u00e1csad\u00e1sra \u00e9p\u00fcl\u0151 \u00e1raj\u00e1nlat kell\u0151en r\u00e9szletes, \u00e9s \u00edgy kisz\u00e1m\u00edthat\u00f3an pontos. L\u00e9nyeges dokumentuma az azt k\u00f6vet\u0151 gy\u00e1rt\u00e1snak, mivel tartalmazza a sz\u00fcks\u00e9ges anyagok sz\u00e1m\u00edt\u00e1s\u00e1t is.<\/p>\n<h3>Tervez\u00e9s, k\u00f6zrem\u0171k\u00f6d\u00e9s a kivitelez\u0151kkel<\/h3>\n<p style=\"font-size: 1.1em;\">\u00daj \u00e9p\u00fclet beb\u00fatoroz\u00e1sa eset\u00e9n akkor \u00e9rdemes minket keresni, amikor \u00e1llnak a falak, ilyenkor ugyanis jelent\u0151s a mozg\u00e1st\u00e9r, a v\u00edz \u00e9s villanyvezet\u00e9kek telep\u00edt\u00e9s\u00e9t ilyenkor bont\u00e1s n\u00e9lk\u00fcl lehet kivitelezni. Ig\u00e9ny eset\u00e9n a tervez\u00e9s 3D-s l\u00e1tv\u00e1nyterv k\u00e9sz\u00edt\u00e9s\u00e9t is mag\u00e1ban foglalja. A kivitelez\u00e9s sor\u00e1n egy\u00fcttm\u0171k\u00f6d\u00e9s a burkol\u00f3kkal, v\u00edz- \u00e9s villanyszerel\u0151kkel, ig\u00e9ny eset\u00e9n szem\u00e9lyes egyeztet\u00e9s. A b\u00fator tervez\u00e9s sor\u00e1n el\u0151\u00e1ll\u00edtott m\u0171szaki rajz alapj\u00e1n tud dolgozni a szakipar.<\/p>\n<h3>Kisz\u00e1ll\u00edt\u00e1s, be\u00e9p\u00edt\u00e9s<\/h3>\n<p style=\"font-size: 1.1em;\">Ha konyh\u00e1j\u00e1t vel\u00fcnk k\u00e9sz\u00edtteti, az elsz\u00edv\u00f3, v\u00edz \u00e9s szennyv\u00edz bek\u00f6t\u00e9st is v\u00e1llaljuk, bele\u00e9rtve a p\u00e1raelsz\u00edv\u00f3k be\u00fczemel\u00e9s\u00e9t is. A b\u00fatoron bel\u00fcl a g\u00e9peket hely\u00e9re tessz\u00fck. A m\u0171szaki g\u00e9pek k\u00f6telez\u0151en el\u0151\u00edrt \u00fczembe helyez\u00e9se ugyanakkor k\u00fcl\u00f6n szakembert ig\u00e9nyel.<\/p>\n<h3>Garancia<\/h3>\n<p style=\"font-size: 1.1em;\">Az \u00e1ltalunk biztos\u00edtott garancia alapja saj\u00e1t b\u00fator gy\u00e1rt\u00f3 tev\u00e9kenys\u00e9g\u00fcnk. Alapanyag \u00e9s alkatr\u00e9sz besz\u00e1ll\u00edt\u00f3ink sz\u00e9les v\u00e1laszt\u00e9kukkal ugyancsak magas min\u0151s\u00e9get k\u00e9pviselnek. T\u00f6bb \u00e9vtizedes tev\u00e9kenys\u00e9g\u00fcnk ugyancsak jelzi megb\u00edzhat\u00f3s\u00e1gunkat.<\/p>\n<p>[\/vc_column_text][\/vc_column][\/vc_row][vc_row][vc_column width=&#8221;1\/2&#8243;][vc_column_text]<\/p>\n<h1>Lapszab\u00e1szat<\/h1>\n<p style=\"font-size: 1.1em;\">Egyedi extra sz\u00e9les v\u00e1laszt\u00e9k!<\/p>\n<h3>Egyedi b\u00fatorlapok<\/h3>\n<p style=\"font-size: 1.1em;\">Az alapanyagok tekintet\u00e9ben egyedi sz\u00ednek \u00e9s egyedi form\u00e1k biztos\u00edtottak. Ami nem \u00e1ll k\u00f6zvetlen\u00fcl rendelkez\u00e9sre, azt ig\u00e9ny szerinti beszerezz\u00fck.<br \/>\nSpeci\u00e1lis szolg\u00e1ltat\u00e1sunk: lapszab\u00e1szatunkban az egyedi megold\u00e1sok mellett jav\u00edt\u00e1sok gyors kivitelez\u00e9se is el\u00e9rhet\u0151. R\u00f6vid hat\u00e1rid\u0151n bel\u00fcl p\u00f3tl\u00e1s, jav\u00edt\u00e1s.<\/p>\n<h3>Egyedi hat\u00e1rid\u0151k<\/h3>\n<p style=\"font-size: 1.1em;\">A rendelkez\u00e9sre \u00e1ll\u00f3 k\u00edn\u00e1lat, koll\u00e9g\u00e1ink elk\u00f6telezetts\u00e9ge, valamint rugalmas saj\u00e1t gy\u00e1rt\u00f3 kapacit\u00e1sunk igen r\u00f6vid hat\u00e1rid\u0151ket jelenthet az \u00d6n sz\u00e1m\u00e1ra. V\u00e1lassza ki n\u00e1lunk komplett b\u00fator\u00e1t, vagy ak\u00e1r csak a sz\u00fcks\u00e9ges alkatr\u00e9szeket \u00e9s kell\u00e9keket!<\/p>\n<p>[\/vc_column_text][\/vc_column][vc_column width=&#8221;1\/2&#8243;][vc_images_carousel images=&#8221;353,349,361,351,362,402,401,400,399&#8243; img_size=&#8221;full&#8221; autoplay=&#8221;yes&#8221; wrap=&#8221;yes&#8221;][\/vc_column][\/vc_row]<\/p>\n<\/div>","protected":false},"excerpt":{"rendered":"<p>[vc_row content_placement=&#8221;top&#8221;][vc_column width=&#8221;2\/3&#8243;][\/vc_column][vc_column width=&#8221;1\/3&#8243;][\/vc_column][vc_column width=&#8221;1\/2&#8243;][vc_column_text] Egyedi b\u00fator megold\u00e1sok Specialit\u00e1sunk az egyedi b\u00fatorgy\u00e1rt\u00e1s, ezen bel\u00fcl konyhab\u00fatorok komplett elk\u00e9sz\u00edt\u00e9se. Ezen k\u00edv\u00fcl v\u00e1llaljuk [&hellip;]<\/p>\n","protected":false},"author":1,"featured_media":0,"parent":0,"menu_order":0,"comment_status":"closed","ping_status":"closed","template":"","meta":{"footnotes":""},"class_list":["post-67","page","type-page","status-publish","hentry"],"_links":{"self":[{"href":"https:\/\/bozobutor.hu\/index.php?rest_route=\/wp\/v2\/pages\/67","targetHints":{"allow":["GET"]}}],"collection":[{"href":"https:\/\/bozobutor.hu\/index.php?rest_route=\/wp\/v2\/pages"}],"about":[{"href":"https:\/\/bozobutor.hu\/index.php?rest_route=\/wp\/v2\/types\/page"}],"author":[{"embeddable":true,"href":"https:\/\/bozobutor.hu\/index.php?rest_route=\/wp\/v2\/users\/1"}],"replies":[{"embeddable":true,"href":"https:\/\/bozobutor.hu\/index.php?rest_route=%2Fwp%2Fv2%2Fcomments&post=67"}],"version-history":[{"count":24,"href":"https:\/\/bozobutor.hu\/index.php?rest_route=\/wp\/v2\/pages\/67\/revisions"}],"predecessor-version":[{"id":403,"href":"https:\/\/bozobutor.hu\/index.php?rest_route=\/wp\/v2\/pages\/67\/revisions\/403"}],"wp:attachment":[{"href":"https:\/\/bozobutor.hu\/index.php?rest_route=%2Fwp%2Fv2%2Fmedia&parent=67"}],"curies":[{"name":"wp","href":"https:\/\/api.w.org\/{rel}","templated":true}]}}