{"id":183,"date":"2020-04-27T21:36:35","date_gmt":"2020-04-27T21:36:35","guid":{"rendered":"https:\/\/bozobutor.hu\/?page_id=183"},"modified":"2022-11-29T13:58:53","modified_gmt":"2022-11-29T13:58:53","slug":"tovabbi-megoldasaink","status":"publish","type":"page","link":"https:\/\/bozobutor.hu\/?page_id=183","title":{"rendered":"Tov\u00e1bbi megold\u00e1saink"},"content":{"rendered":"<div class=\"wpb-content-wrapper\"><p>[vc_row][vc_column][vc_row_inner][vc_column_inner width=&#8221;1\/2&#8243;][vc_column_text]<\/p>\n<h1>Szobab\u00fator<\/h1>\n<h4><\/h4>\n<h4><\/h4>\n<h4>Ha egyedire v\u00e1gyik, a k\u00e9nyelem garanci\u00e1j\u00e1val<\/h4>\n<p>[\/vc_column_text][\/vc_column_inner][vc_column_inner width=&#8221;1\/2&#8243;][vc_images_carousel images=&#8221;493,495,494,243,244,213&#8243; img_size=&#8221;full&#8221; onclick=&#8221;link_no&#8221; autoplay=&#8221;yes&#8221; wrap=&#8221;yes&#8221;][\/vc_column_inner][\/vc_row_inner][\/vc_column][\/vc_row][vc_row][vc_column][vc_column_text]<\/p>\n<h1>Szerelv\u00e9nyeink t\u00e1ra<\/h1>\n<p>[\/vc_column_text][\/vc_column][\/vc_row][vc_row][vc_column][vc_column_text]<\/p>\n<figure class=\"wp-block-video\"><video controls src=\"https:\/\/bozobutor.hu\/wp-content\/uploads\/2020\/06\/bozo2.mp4\"><\/video><\/figure>\n<p>[\/vc_column_text][\/vc_column][\/vc_row]<\/p>\n<\/div>","protected":false},"excerpt":{"rendered":"<p>[vc_row][vc_column][vc_row_inner][vc_column_inner width=&#8221;1\/2&#8243;][vc_column_text] Szobab\u00fator Ha egyedire v\u00e1gyik, a k\u00e9nyelem garanci\u00e1j\u00e1val [\/vc_column_text][\/vc_column_inner][vc_column_inner width=&#8221;1\/2&#8243;][vc_images_carousel images=&#8221;493,495,494,243,244,213&#8243; img_size=&#8221;full&#8221; onclick=&#8221;link_no&#8221; autoplay=&#8221;yes&#8221; wrap=&#8221;yes&#8221;][\/vc_column_inner][\/vc_row_inner][\/vc_column][\/vc_row][vc_row][vc_column][vc_column_text] Szerelv\u00e9nyeink t\u00e1ra [\/vc_column_text][\/vc_column][\/vc_row][vc_row][vc_column][vc_column_text][\/vc_column_text][\/vc_column][\/vc_row]<\/p>\n","protected":false},"author":1,"featured_media":0,"parent":0,"menu_order":0,"comment_status":"closed","ping_status":"closed","template":"","meta":{"footnotes":""},"class_list":["post-183","page","type-page","status-publish","hentry"],"_links":{"self":[{"href":"https:\/\/bozobutor.hu\/index.php?rest_route=\/wp\/v2\/pages\/183","targetHints":{"allow":["GET"]}}],"collection":[{"href":"https:\/\/bozobutor.hu\/index.php?rest_route=\/wp\/v2\/pages"}],"about":[{"href":"https:\/\/bozobutor.hu\/index.php?rest_route=\/wp\/v2\/types\/page"}],"author":[{"embeddable":true,"href":"https:\/\/bozobutor.hu\/index.php?rest_route=\/wp\/v2\/users\/1"}],"replies":[{"embeddable":true,"href":"https:\/\/bozobutor.hu\/index.php?rest_route=%2Fwp%2Fv2%2Fcomments&post=183"}],"version-history":[{"count":10,"href":"https:\/\/bozobutor.hu\/index.php?rest_route=\/wp\/v2\/pages\/183\/revisions"}],"predecessor-version":[{"id":506,"href":"https:\/\/bozobutor.hu\/index.php?rest_route=\/wp\/v2\/pages\/183\/revisions\/506"}],"wp:attachment":[{"href":"https:\/\/bozobutor.hu\/index.php?rest_route=%2Fwp%2Fv2%2Fmedia&parent=183"}],"curies":[{"name":"wp","href":"https:\/\/api.w.org\/{rel}","templated":true}]}}