{"id":177,"date":"2020-04-27T21:35:10","date_gmt":"2020-04-27T21:35:10","guid":{"rendered":"https:\/\/bozobutor.hu\/?page_id=177"},"modified":"2022-11-29T14:06:18","modified_gmt":"2022-11-29T14:06:18","slug":"konyhabutorok-kesz-megoldasok","status":"publish","type":"page","link":"https:\/\/bozobutor.hu\/?page_id=177","title":{"rendered":"Konyhab\u00fatorok"},"content":{"rendered":"<div class=\"wpb-content-wrapper\"><p>[vc_row el_id=&#8221;szigetes&#8221;][vc_column width=&#8221;1\/2&#8243;][vc_column_text]<\/p>\n<h1>Szigetes<\/h1>\n<p style=\"font-size: 1.1em;\">Nagym\u00e9ret\u0171 otthonok \u00e9s ugyancsak nagy konyh\u00e1k, amelyek \u00f6n\u00e1ll\u00f3 szerepet is bet\u00f6ltenek a csal\u00e1d sz\u00e1m\u00e1ra.<br \/>\nEgy k\u00f6zponti hely a konyh\u00e1ban, ahol j\u00f3 meg\u00e1llni is egy-egy pillanatra.<\/p>\n<p style=\"font-size: 1.1em;\">\u201eK\u00f6r\u00fcl\u00f6tte forog az \u00e9let!\u201d<\/p>\n<p>[\/vc_column_text][\/vc_column][vc_column width=&#8221;1\/2&#8243;][vc_images_carousel images=&#8221;503,216,227&#8243; img_size=&#8221;full&#8221; onclick=&#8221;link_no&#8221; wrap=&#8221;yes&#8221; css_animation=&#8221;fadeIn&#8221;][\/vc_column][\/vc_row][vc_row el_id=&#8221;u_alaku&#8221;][vc_column width=&#8221;1\/2&#8243;][vc_column_text]<\/p>\n<h1>U Alak\u00fa<\/h1>\n<p style=\"font-size: 1.1em;\">Ahol igaz\u00e1n egy vez\u00e9r van, aki uralja a pultot.<\/p>\n<p style=\"font-size: 1.1em;\">\u201eA megval\u00f3s\u00edt\u00e1s \u00f6r\u00f6m\u00e9vel!\u201d<\/p>\n<p>[\/vc_column_text][\/vc_column][vc_column width=&#8221;1\/2&#8243;][vc_images_carousel images=&#8221;235,234,233,228,226,220,219,224,501,502&#8243; img_size=&#8221;full&#8221; onclick=&#8221;link_no&#8221; wrap=&#8221;yes&#8221; css_animation=&#8221;fadeIn&#8221;][\/vc_column][\/vc_row][vc_row el_id=&#8221;l_alaku&#8221;][vc_column width=&#8221;1\/2&#8243;][vc_column_text]<\/p>\n<h1>L alak\u00fa<\/h1>\n<p style=\"font-size: 1.1em;\">A tettrek\u00e9sz sarok.<\/p>\n<p style=\"font-size: 1.1em;\">\u201eItt mindig tal\u00e1lsz valami finomat!\u201d<\/p>\n<p>[\/vc_column_text][\/vc_column][vc_column width=&#8221;1\/2&#8243;][vc_images_carousel images=&#8221;496,497,499,215,236&#8243; img_size=&#8221;full&#8221; onclick=&#8221;link_no&#8221; wrap=&#8221;yes&#8221; css_animation=&#8221;fadeIn&#8221;][\/vc_column][\/vc_row][vc_row el_id=&#8221;modern&#8221;][vc_column width=&#8221;1\/2&#8243;][vc_column_text]<\/p>\n<h1>Modern<\/h1>\n<p style=\"font-size: 1.1em;\">A kompakts\u00e1g erej\u00e9vel.<\/p>\n<p style=\"font-size: 1.1em;\">\u201eAhol minden k\u00e9zn\u00e9l van!\u201d<\/p>\n<p>[\/vc_column_text][\/vc_column][vc_column width=&#8221;1\/2&#8243;][vc_images_carousel images=&#8221;242,241,240,225,222,221,217&#8243; img_size=&#8221;full&#8221; onclick=&#8221;link_no&#8221; wrap=&#8221;yes&#8221; css_animation=&#8221;fadeIn&#8221;][\/vc_column][\/vc_row][vc_row][vc_column][vc_column_text]<\/p>\n<h1>&#8222;Konyha mint\u00e1k &#8211; Minta konyh\u00e1k&#8221;<\/h1>\n<p>[\/vc_column_text][vc_column_text]<\/p>\n<figure class=\"wp-block-video\"><video controls src=\"https:\/\/bozobutor.hu\/wp-content\/uploads\/2020\/06\/bozo1.mp4\"><\/video><\/figure>\n<p>[\/vc_column_text][\/vc_column][\/vc_row]<\/p>\n<\/div>","protected":false},"excerpt":{"rendered":"<p>[vc_row el_id=&#8221;szigetes&#8221;][vc_column width=&#8221;1\/2&#8243;][vc_column_text] Szigetes Nagym\u00e9ret\u0171 otthonok \u00e9s ugyancsak nagy konyh\u00e1k, amelyek \u00f6n\u00e1ll\u00f3 szerepet is bet\u00f6ltenek a csal\u00e1d sz\u00e1m\u00e1ra. Egy k\u00f6zponti [&hellip;]<\/p>\n","protected":false},"author":1,"featured_media":0,"parent":0,"menu_order":0,"comment_status":"closed","ping_status":"closed","template":"","meta":{"footnotes":""},"class_list":["post-177","page","type-page","status-publish","hentry"],"_links":{"self":[{"href":"https:\/\/bozobutor.hu\/index.php?rest_route=\/wp\/v2\/pages\/177","targetHints":{"allow":["GET"]}}],"collection":[{"href":"https:\/\/bozobutor.hu\/index.php?rest_route=\/wp\/v2\/pages"}],"about":[{"href":"https:\/\/bozobutor.hu\/index.php?rest_route=\/wp\/v2\/types\/page"}],"author":[{"embeddable":true,"href":"https:\/\/bozobutor.hu\/index.php?rest_route=\/wp\/v2\/users\/1"}],"replies":[{"embeddable":true,"href":"https:\/\/bozobutor.hu\/index.php?rest_route=%2Fwp%2Fv2%2Fcomments&post=177"}],"version-history":[{"count":16,"href":"https:\/\/bozobutor.hu\/index.php?rest_route=\/wp\/v2\/pages\/177\/revisions"}],"predecessor-version":[{"id":508,"href":"https:\/\/bozobutor.hu\/index.php?rest_route=\/wp\/v2\/pages\/177\/revisions\/508"}],"wp:attachment":[{"href":"https:\/\/bozobutor.hu\/index.php?rest_route=%2Fwp%2Fv2%2Fmedia&parent=177"}],"curies":[{"name":"wp","href":"https:\/\/api.w.org\/{rel}","templated":true}]}}