{"id":159,"date":"2020-04-27T21:05:01","date_gmt":"2020-04-27T21:05:01","guid":{"rendered":"https:\/\/bozobutor.hu\/?page_id=159"},"modified":"2023-05-17T15:20:03","modified_gmt":"2023-05-17T15:20:03","slug":"palyazat","status":"publish","type":"page","link":"https:\/\/bozobutor.hu\/?page_id=159","title":{"rendered":"P\u00e1ly\u00e1zatok"},"content":{"rendered":"<div class=\"wpb-content-wrapper\"><p>[vc_row][vc_column][vc_column_text]<\/p>\n<ul>\n<li><strong>Kedvezm\u00e9nyezett neve:<\/strong> Boz\u00f3 B\u00fator Korl\u00e1tolt Felel\u0151ss\u00e9g\u0171 T\u00e1rsas\u00e1g<\/li>\n<li><strong>Projekt c\u00edme:<\/strong> Kapacit\u00e1sfejleszt\u00e9s a Boz\u00f3 B\u00fator Kft.-n\u00e9l<\/li>\n<li><strong>Projektazonos\u00edt\u00f3 sz\u00e1ma:<\/strong> GINOP-1.2.14-20-2021-00249<\/li>\n<li><strong>T\u00e1mogat\u00e1si \u00f6sszeg:<\/strong> 30 498 732 Ft<\/li>\n<li><strong>T\u00e1mogat\u00e1s intenzit\u00e1sa:<\/strong> 70 %<\/li>\n<li><strong>Projekt le\u00edr\u00e1sa: <\/strong>A Gazdas\u00e1gfejleszt\u00e9si \u00e9s Innov\u00e1ci\u00f3s Operat\u00edv Program keret\u00e9n bel\u00fcl a P\u00e9nz\u00fcgyminiszt\u00e9rium \u201eDivat \u00e9s Diz\u00e1jnipari mikro-, kis- \u00e9s k\u00f6z\u00e9pv\u00e1llalkoz\u00e1sok modern \u00fczleti \u00e9s termel\u00e9si kih\u00edv\u00e1sokhoz val\u00f3 alkalmazkod\u00e1s\u00e1t seg\u00edt\u0151 fejleszt\u00e9sek t\u00e1mogat\u00e1sa\u201d c. felh\u00edv\u00e1sa alapj\u00e1n, az Boz\u00f3 B\u00fator Korl\u00e1tolt Felel\u0151ss\u00e9g\u0171 T\u00e1rsas\u00e1g p\u00e1ly\u00e1zatot ny\u00fajtott be. GINOP-1.2.14-20-2021-00249 azonos\u00edt\u00f3sz\u00e1m\u00fa t\u00e1mogat\u00e1si k\u00e9relem pozit\u00edv elb\u00edr\u00e1l\u00e1sban r\u00e9szes\u00fclt. Az Eur\u00f3pai Region\u00e1lis Fejleszt\u00e9si Alapb\u00f3l finansz\u00edrozott felt\u00e9telesen vissza nem t\u00e9r\u00edtend\u0151 t\u00e1mogat\u00e1s \u00f6sszege 30 498 732 Ft. A projekt f\u0151 c\u00e9lja a technol\u00f3gia fejleszt\u00e9se a v\u00e1llalkoz\u00e1sn\u00e1l. A projekt keret\u00e9ben eszk\u00f6zbeszerz\u00e9s \u00e9s munkab\u00e9r t\u00e1mogat\u00e1s val\u00f3sul meg.<\/li>\n<li><strong>Projekt megval\u00f3s\u00edt\u00e1s\u00e1nak tervezett befejez\u00e9se:<\/strong> 2022.07.31.<\/li>\n<li><strong>Finansz\u00edroz\u00f3: <\/strong>Eur\u00f3pai Region\u00e1lis \u00e9s Fejleszt\u00e9si Alap<\/li>\n<\/ul>\n<p>[\/vc_column_text][vc_separator][vc_column_text]<\/p>\n<ul>\n<li><strong>Kedvezm\u00e9nyezett neve:<\/strong> Boz\u00f3 B\u00fator Korl\u00e1tolt Felel\u0151ss\u00e9g\u0171 T\u00e1rsas\u00e1g<\/li>\n<li><strong>Projekt c\u00edme:<\/strong> Foglalkoztat\u00e1sb\u0151v\u00edt\u00e9s a Boz\u00f3 B\u00fator Kft.-n\u00e9l<\/li>\n<li><strong>Projektazonos\u00edt\u00f3 sz\u00e1ma:<\/strong> GINOP-5.3.12-19-2020-00653<\/li>\n<li><strong>T\u00e1mogat\u00e1si \u00f6sszeg:<\/strong> 11 115 819 Ft<\/li>\n<li><strong>T\u00e1mogat\u00e1s intenzit\u00e1sa:<\/strong> 70 %<\/li>\n<li><strong>Projekt le\u00edr\u00e1sa:<\/strong> A Gazdas\u00e1gfejleszt\u00e9si \u00e9s Innov\u00e1ci\u00f3s Operat\u00edv Program keret\u00e9n bel\u00fcl a P\u00e9nz\u00fcgyminiszt\u00e9rium \u201eFoglalkoztat\u00e1sb\u0151v\u00edt\u00e9s \u00f6szt\u00f6nz\u00e9se\u201d c. felh\u00edv\u00e1sa alapj\u00e1n, az Boz\u00f3 B\u00fator Korl\u00e1tolt Felel\u0151ss\u00e9g\u0171 T\u00e1rsas\u00e1g p\u00e1ly\u00e1zatot ny\u00fajtott be. GINOP-5.3.12-19-2020-00653 azonos\u00edt\u00f3sz\u00e1m\u00fa t\u00e1mogat\u00e1si k\u00e9relem pozit\u00edv elb\u00edr\u00e1l\u00e1sban r\u00e9szes\u00fclt. Az Eur\u00f3pai Szoci\u00e1lis Alapb\u00f3l finansz\u00edrozott vissza nem t\u00e9r\u00edtend\u0151 t\u00e1mogat\u00e1s \u00f6sszege 11 115 819 Ft. A projekt f\u0151 c\u00e9lja a foglalkoztatott l\u00e9tsz\u00e1m n\u00f6vel\u00e9se a v\u00e1llalkoz\u00e1sn\u00e1l. A projekt keret\u00e9ben 3 f\u0151 nem megv\u00e1ltozott munkak\u00e9pess\u00e9g\u0171 munkav\u00e1llal\u00f3 foglalkoztat\u00e1sa, 2 f\u0151 b\u00fatorgy\u00e1rt\u00f3 illetve 1 f\u0151 betan\u00edtott munk\u00e1s munkak\u00f6rben val\u00f3sul meg a projekt id\u0151szaka \u00e9s a tov\u00e1bbfoglalkoztat\u00e1s ideje alatt.<\/li>\n<li><strong>Projekt megval\u00f3s\u00edt\u00e1s\u00e1nak tervezett befejez\u00e9se:<\/strong> 2022.09.30.<\/li>\n<li><strong>Finansz\u00edroz\u00f3:\u00a0<\/strong>Eur\u00f3pai Szoci\u00e1lis Alap<\/li>\n<\/ul>\n<p>[\/vc_column_text][vc_separator][vc_column_text]<\/p>\n<div class=\"wp-block-image\">\n<figure class=\"alignright is-resized\"><img loading=\"lazy\" decoding=\"async\" class=\"wp-image-2665\" src=\"https:\/\/bozobutor.hu\/wp-content\/uploads\/2018\/11\/palyazsat-300x207.png\" alt=\"\" width=\"300\" height=\"207\" \/><\/figure>\n<\/div>\n\n<ul>\n<li><strong>Kedvezm\u00e9nyezett neve:<\/strong> Boz\u00f3 B\u00fator Korl\u00e1tolt Felel\u0151ss\u00e9g\u0171 T\u00e1rsas\u00e1g<\/li>\n<li><strong>Projekt c\u00edme:<\/strong>\u00a0A Boz\u00f3 B\u00fator Kft. versenyk\u00e9pess\u00e9g\u00e9nek n\u00f6vel\u00e9se adapt\u00edv technol\u00f3giai innov\u00e1ci\u00f3 r\u00e9v\u00e9n<\/li>\n<li><strong>Szerz\u0151d\u00f6tt t\u00e1mogat\u00e1s \u00f6sszege:<\/strong>\u00a014 906 636 Ft<\/li>\n<li><strong>A meg\u00edt\u00e9lt t\u00e1mogat\u00e1s m\u00e9rt\u00e9ke:\u00a0<\/strong>50%<\/li>\n<li><strong>Projekt tartalm\u00e1nak bemutat\u00e1sa: <\/strong>A v\u00e1llalkoz\u00e1s jelenlegi tev\u00e9kenys\u00e9geihez kapcsol\u00f3d\u00f3an \u00faj term\u00e9k, szolg\u00e1ltat\u00e1s j\u00f6tt l\u00e9tre. A projekt keret\u00e9ben beszerzett eszk\u00f6z\u00f6k el\u0151seg\u00edtik, hogy munkat\u00e1rsaink t\u00f6bbf\u00e9le term\u00e9k el\u0151\u00e1ll\u00edt\u00e1s\u00e1t val\u00f3s\u00edthass\u00e1k meg, \u00edgy a v\u00e1s\u00e1rl\u00f3k egyedi ig\u00e9nyeinek jobb kiszolg\u00e1l\u00e1s\u00e1ra ny\u00edlik lehet\u0151s\u00e9g. Mindez a j\u00f6v\u0151ben a v\u00e1s\u00e1rl\u00f3i el\u00e9gedetts\u00e9g n\u00f6veked\u00e9s\u00e9t eredm\u00e9nyezi, ami hozz\u00e1j\u00e1rul j\u00f6v\u0151beli megrendel\u00e9sek gener\u00e1l\u00e1s\u00e1hoz, a v\u00e1llalkoz\u00e1s piaci poz\u00edci\u00f3inak er\u0151s\u00edt\u00e9s\u00e9hez. \u00d6sszess\u00e9g\u00e9ben elmondhat\u00f3, hogy a v\u00e1llalkoz\u00e1s sz\u00e1m\u00e1ra jelen projekt keret\u00e9ben beszerzett eszk\u00f6z\u00f6k a j\u00f6v\u0151beni tervek (versenyk\u00e9pess\u00e9g n\u00f6vel\u00e9s, hat\u00e9konys\u00e1gn\u00f6vel\u00e9s, \u00faj piaci lehet\u0151s\u00e9gek felt\u00e1r\u00e1sa) megval\u00f3s\u00edt\u00e1s\u00e1hoz elengedhetetlenek.<\/li>\n<li><strong>Projekt befejez\u00e9s\u00e9nek d\u00e1tuma<\/strong>: 2018.10.11.<\/li>\n<li><strong>Projekt azonos\u00edt\u00f3 sz\u00e1ma<\/strong>: GINOP-2.1.8-17-2017-00912<\/li>\n<li><strong>Finansz\u00edroz\u00f3: <\/strong>Eur\u00f3pai Region\u00e1lis \u00e9s Fejleszt\u00e9si Alap<\/li>\n<\/ul>\n<p>&nbsp;<\/p>\n<p>&nbsp;[\/vc_column_text][\/vc_column][vc_column][\/vc_column][\/vc_row]<\/p>\n<\/div>","protected":false},"excerpt":{"rendered":"<p>[vc_row][vc_column][vc_column_text] Kedvezm\u00e9nyezett neve: Boz\u00f3 B\u00fator Korl\u00e1tolt Felel\u0151ss\u00e9g\u0171 T\u00e1rsas\u00e1g Projekt c\u00edme: Kapacit\u00e1sfejleszt\u00e9s a Boz\u00f3 B\u00fator Kft.-n\u00e9l Projektazonos\u00edt\u00f3 sz\u00e1ma: GINOP-1.2.14-20-2021-00249 T\u00e1mogat\u00e1si \u00f6sszeg: [&hellip;]<\/p>\n","protected":false},"author":1,"featured_media":0,"parent":0,"menu_order":0,"comment_status":"closed","ping_status":"closed","template":"","meta":{"footnotes":""},"class_list":["post-159","page","type-page","status-publish","hentry"],"_links":{"self":[{"href":"https:\/\/bozobutor.hu\/index.php?rest_route=\/wp\/v2\/pages\/159","targetHints":{"allow":["GET"]}}],"collection":[{"href":"https:\/\/bozobutor.hu\/index.php?rest_route=\/wp\/v2\/pages"}],"about":[{"href":"https:\/\/bozobutor.hu\/index.php?rest_route=\/wp\/v2\/types\/page"}],"author":[{"embeddable":true,"href":"https:\/\/bozobutor.hu\/index.php?rest_route=\/wp\/v2\/users\/1"}],"replies":[{"embeddable":true,"href":"https:\/\/bozobutor.hu\/index.php?rest_route=%2Fwp%2Fv2%2Fcomments&post=159"}],"version-history":[{"count":11,"href":"https:\/\/bozobutor.hu\/index.php?rest_route=\/wp\/v2\/pages\/159\/revisions"}],"predecessor-version":[{"id":511,"href":"https:\/\/bozobutor.hu\/index.php?rest_route=\/wp\/v2\/pages\/159\/revisions\/511"}],"wp:attachment":[{"href":"https:\/\/bozobutor.hu\/index.php?rest_route=%2Fwp%2Fv2%2Fmedia&parent=159"}],"curies":[{"name":"wp","href":"https:\/\/api.w.org\/{rel}","templated":true}]}}